{"id":2354,"date":"2018-01-29T10:42:30","date_gmt":"2018-01-29T09:42:30","guid":{"rendered":"https:\/\/www.ferraz.de\/rent-a-car\/"},"modified":"2025-06-26T14:03:27","modified_gmt":"2025-06-26T12:03:27","slug":"fahrzeugmodelle","status":"publish","type":"page","link":"https:\/\/www.ferraz.de\/de\/fahrzeugmodelle\/","title":{"rendered":"Fahrzeugmodelle"},"content":{"rendered":"\n<h2 class=\"wp-block-heading\">Autovermietung auf La Palma<\/h2>\n\n\n\n<p>Wir von Autos Ferraz bieten Ihnen einen Mietwagenservice auf La Palma, mit dem Sie die Insel in aller Freiheit, Komfort und Sicherheit genie\u00dfen k\u00f6nnen. Mit mehr als 50 Jahren Erfahrung sind wir ein lokales Unternehmen, das sich f\u00fcr Qualit\u00e4t, freundlichen Service und Kundenzufriedenheit einsetzt.<\/p>\n\n\n\n<p><\/p>\n","protected":false},"excerpt":{"rendered":"<p>Autovermietung auf La Palma Wir von Autos Ferraz bieten Ihnen einen Mietwagenservice auf La Palma, mit dem Sie die Insel in aller Freiheit, Komfort und Sicherheit genie\u00dfen k\u00f6nnen. Mit mehr als 50 Jahren Erfahrung sind wir ein lokales Unternehmen, das sich f\u00fcr Qualit\u00e4t, freundlichen Service und Kundenzufriedenheit einsetzt.<\/p>\n","protected":false},"author":1,"featured_media":0,"parent":0,"menu_order":0,"comment_status":"closed","ping_status":"closed","template":"page-car_rental-list.php","meta":{"footnotes":""},"class_list":["post-2354","page","type-page","status-publish","hentry"],"_links":{"self":[{"href":"https:\/\/www.ferraz.de\/de\/wp-json\/wp\/v2\/pages\/2354","targetHints":{"allow":["GET"]}}],"collection":[{"href":"https:\/\/www.ferraz.de\/de\/wp-json\/wp\/v2\/pages"}],"about":[{"href":"https:\/\/www.ferraz.de\/de\/wp-json\/wp\/v2\/types\/page"}],"author":[{"embeddable":true,"href":"https:\/\/www.ferraz.de\/de\/wp-json\/wp\/v2\/users\/1"}],"replies":[{"embeddable":true,"href":"https:\/\/www.ferraz.de\/de\/wp-json\/wp\/v2\/comments?post=2354"}],"version-history":[{"count":6,"href":"https:\/\/www.ferraz.de\/de\/wp-json\/wp\/v2\/pages\/2354\/revisions"}],"predecessor-version":[{"id":2642,"href":"https:\/\/www.ferraz.de\/de\/wp-json\/wp\/v2\/pages\/2354\/revisions\/2642"}],"wp:attachment":[{"href":"https:\/\/www.ferraz.de\/de\/wp-json\/wp\/v2\/media?parent=2354"}],"curies":[{"name":"wp","href":"https:\/\/api.w.org\/{rel}","templated":true}]}}