{"id":2327,"date":"2018-02-20T10:08:20","date_gmt":"2018-02-20T09:08:20","guid":{"rendered":"https:\/\/www.ferraz.de\/contacto\/"},"modified":"2026-05-07T15:18:32","modified_gmt":"2026-05-07T13:18:32","slug":"kontakt","status":"publish","type":"page","link":"https:\/\/www.ferraz.de\/de\/kontakt\/","title":{"rendered":"Kontakt Ferraz Auto"},"content":{"rendered":"\t\t<div data-elementor-type=\"wp-page\" data-elementor-id=\"2327\" class=\"elementor elementor-2327\" data-elementor-post-type=\"page\">\n\t\t\t\t<div class=\"elementor-element elementor-element-7ef32e4 e-flex e-con-boxed e-con e-parent\" data-id=\"7ef32e4\" data-element_type=\"container\" data-e-type=\"container\">\n\t\t\t\t\t<div class=\"e-con-inner\">\n\t\t\t\t<div class=\"elementor-element elementor-element-21cce12 elementor-widget elementor-widget-heading\" data-id=\"21cce12\" data-element_type=\"widget\" data-e-type=\"widget\" data-widget_type=\"heading.default\">\n\t\t\t\t<div class=\"elementor-widget-container\">\n\t\t\t\t\t<h2 class=\"elementor-heading-title elementor-size-default\">Autos Ferraz, Ihre Autovermietung <br>in La Palma<\/h2>\t\t\t\t<\/div>\n\t\t\t\t<\/div>\n\t\t\t\t<div class=\"elementor-element elementor-element-6a7657a elementor-widget elementor-widget-text-editor\" data-id=\"6a7657a\" data-element_type=\"widget\" data-e-type=\"widget\" data-widget_type=\"text-editor.default\">\n\t\t\t\t<div class=\"elementor-widget-container\">\n\t\t\t\t\t\t\t\t\t<p>Autos Ferraz ist ein kanarisches Unternehmen mit mehr als 50 Jahren Erfahrung in der Autovermietung auf La Palma, Kanarische Inseln. Wir verf\u00fcgen \u00fcber einen vielf\u00e4ltigen Fuhrpark, der von Kleinwagen bis hin zu Automatik- und Familienmodellen reicht, um den Bed\u00fcrfnissen jedes Kunden gerecht zu werden. Unser Hauptb\u00fcro befindet sich in Los Cancajos, Bre\u00f1a Baja, und wir bieten auch einen Service am Flughafen La Palma und am Seehafen.<\/p><p>\u00a0<\/p><h3>Warum ein Auto mit Autos Ferraz mieten?<\/h3><p>Autos Ferraz verf\u00fcgt \u00fcber eine gro\u00dfe Fahrzeugflotte, die sich an alle Arten von Bed\u00fcrfnissen anpasst, von sparsamen und kompakten Autos bis hin zu Familienfahrzeugen, Automatikwagen oder Gro\u00dfraumfahrzeugen. Wir zeichnen uns durch eine Politik der totalen Transparenz aus, ohne versteckte Kosten und mit klaren Preisen vom ersten Moment an, so dass Sie Ihre Anmietung in aller Ruhe planen k\u00f6nnen. Wir bieten auch Extras ohne Aufpreis, wie Kindersitze, Sitzerh\u00f6hungen und die M\u00f6glichkeit, einen zus\u00e4tzlichen Fahrer mitzunehmen. Unsere strategisch g\u00fcnstig gelegenen Abholstellen befinden sich am Flughafen von La Palma, am Seehafen und in unserem Hauptb\u00fcro in Los Cancajos. Alle unsere Fahrzeuge sind dank eines rigorosen Wartungsprogramms und regelm\u00e4\u00dfiger Inspektionen in perfektem Zustand und garantieren Sicherheit, Komfort und Ruhe w\u00e4hrend der gesamten Fahrt.<\/p>\t\t\t\t\t\t\t\t<\/div>\n\t\t\t\t<\/div>\n\t\t\t\t\t<\/div>\n\t\t\t\t<\/div>\n\t\t<div class=\"elementor-element elementor-element-2fcbcbe e-flex e-con-boxed e-con e-parent\" data-id=\"2fcbcbe\" data-element_type=\"container\" data-e-type=\"container\">\n\t\t\t\t\t<div class=\"e-con-inner\">\n\t\t<div class=\"elementor-element elementor-element-3db4f09 e-con-full e-flex e-con e-child\" data-id=\"3db4f09\" data-element_type=\"container\" data-e-type=\"container\">\n\t\t\t\t<div class=\"elementor-element elementor-element-e51bbdd elementor-widget elementor-widget-google_maps\" data-id=\"e51bbdd\" data-element_type=\"widget\" data-e-type=\"widget\" data-widget_type=\"google_maps.default\">\n\t\t\t\t<div class=\"elementor-widget-container\">\n\t\t\t\t\t\t\t<div class=\"elementor-custom-embed\">\n\t\t\t<iframe loading=\"lazy\"\n\t\t\t\t\tsrc=\"https:\/\/maps.google.com\/maps?q=Autos%20Ferraz%2C%20Los%20Cancajos%20&#038;t=m&#038;z=12&#038;output=embed&#038;iwloc=near\"\n\t\t\t\t\ttitle=\"Autos Ferraz, Los Cancajos \"\n\t\t\t\t\taria-label=\"Autos Ferraz, Los Cancajos \"\n\t\t\t><\/iframe>\n\t\t<\/div>\n\t\t\t\t\t\t<\/div>\n\t\t\t\t<\/div>\n\t\t\t\t<\/div>\n\t\t<div class=\"elementor-element elementor-element-005d682 e-con-full e-flex e-con e-child\" data-id=\"005d682\" data-element_type=\"container\" data-e-type=\"container\">\n\t\t\t\t<div class=\"elementor-element elementor-element-21016e8 elementor-widget elementor-widget-link-in-bio-var-7\" data-id=\"21016e8\" data-element_type=\"widget\" data-e-type=\"widget\" data-widget_type=\"link-in-bio-var-7.default\">\n\t\t\t\t<div class=\"elementor-widget-container\">\n\t\t\t\t\t\t\t<div class=\"e-link-in-bio e-link-in-bio-var-7\">\n\t\t\t<div class=\"e-link-in-bio__content\">\n\n\t\t\t\t\t\t<div class=\"e-link-in-bio__icons has-size-small\">\n\t\t\t\t\t\t\t<div class=\"e-link-in-bio__icon is-size-small\">\n\t\t\t\t\t<a aria-label=\"Telephone\" class=\"e-link-in-bio__icon-link\" href=\"tel:922%2043%2054%2053\">\n\t\t\t\t\t\t<span class=\"e-link-in-bio__icon-svg\">\n\t\t\t\t\t\t\t<svg aria-hidden=\"true\" class=\"e-font-icon-svg e-fas-phone-alt\" viewBox=\"0 0 512 512\" xmlns=\"http:\/\/www.w3.org\/2000\/svg\"><path d=\"M497.39 361.8l-112-48a24 24 0 0 0-28 6.9l-49.6 60.6A370.66 370.66 0 0 1 130.6 204.11l60.6-49.6a23.94 23.94 0 0 0 6.9-28l-48-112A24.16 24.16 0 0 0 122.6.61l-104 24A24 24 0 0 0 0 48c0 256.5 207.9 464 464 464a24 24 0 0 0 23.4-18.6l24-104a24.29 24.29 0 0 0-14.01-27.6z\"><\/path><\/svg>\t\t\t\t\t\t<\/span>\n\t\t\t\t\t\t\t\t\t\t\t\t\t<span class=\"e-link-in-bio__icon-label\">\n\t\t\t\t\t\t\t\t922 43 54 53\t\t\t\t\t\t\t<\/span>\n\t\t\t\t\t\t\t\t\t\t\t<\/a>\n\t\t\t\t<\/div>\n\t\t\t\t\t\t\t<div class=\"e-link-in-bio__icon is-size-small\">\n\t\t\t\t\t<a aria-label=\"WhatsApp\" class=\"e-link-in-bio__icon-link\" href=\"https:\/\/wa.me\/%20689%20350%20111\" target=\"_blank\" rel=\"noopener\">\n\t\t\t\t\t\t<span class=\"e-link-in-bio__icon-svg\">\n\t\t\t\t\t\t\t<svg aria-hidden=\"true\" class=\"e-font-icon-svg e-fab-whatsapp\" viewBox=\"0 0 448 512\" xmlns=\"http:\/\/www.w3.org\/2000\/svg\"><path d=\"M380.9 97.1C339 55.1 283.2 32 223.9 32c-122.4 0-222 99.6-222 222 0 39.1 10.2 77.3 29.6 111L0 480l117.7-30.9c32.4 17.7 68.9 27 106.1 27h.1c122.3 0 224.1-99.6 224.1-222 0-59.3-25.2-115-67.1-157zm-157 341.6c-33.2 0-65.7-8.9-94-25.7l-6.7-4-69.8 18.3L72 359.2l-4.4-7c-18.5-29.4-28.2-63.3-28.2-98.2 0-101.7 82.8-184.5 184.6-184.5 49.3 0 95.6 19.2 130.4 54.1 34.8 34.9 56.2 81.2 56.1 130.5 0 101.8-84.9 184.6-186.6 184.6zm101.2-138.2c-5.5-2.8-32.8-16.2-37.9-18-5.1-1.9-8.8-2.8-12.5 2.8-3.7 5.6-14.3 18-17.6 21.8-3.2 3.7-6.5 4.2-12 1.4-32.6-16.3-54-29.1-75.5-66-5.7-9.8 5.7-9.1 16.3-30.3 1.8-3.7.9-6.9-.5-9.7-1.4-2.8-12.5-30.1-17.1-41.2-4.5-10.8-9.1-9.3-12.5-9.5-3.2-.2-6.9-.2-10.6-.2-3.7 0-9.7 1.4-14.8 6.9-5.1 5.6-19.4 19-19.4 46.3 0 27.3 19.9 53.7 22.6 57.4 2.8 3.7 39.1 59.7 94.8 83.8 35.2 15.2 49 16.5 66.6 13.9 10.7-1.6 32.8-13.4 37.4-26.4 4.6-13 4.6-24.1 3.2-26.4-1.3-2.5-5-3.9-10.5-6.6z\"><\/path><\/svg>\t\t\t\t\t\t<\/span>\n\t\t\t\t\t\t\t\t\t\t\t\t\t<span class=\"e-link-in-bio__icon-label\">\n\t\t\t\t\t\t\t\t 689 350 111\t\t\t\t\t\t\t<\/span>\n\t\t\t\t\t\t\t\t\t\t\t<\/a>\n\t\t\t\t<\/div>\n\t\t\t\t\t<\/div>\n\t\t\n\t\t<div class=\"e-link-in-bio__ctas has-type-button\">\n\t\t\t\t\t\t\t<a class=\"e-link-in-bio__cta is-type-button has-corners-round\" href=\"\">\n\t\t\t\t\t\t\t\t\t\t<span class=\"e-link-in-bio__cta-text\">\n\t\t\t\t\t\tferraz@ferraz.de\t\t\t\t\t<\/span>\n\t\t\t\t<\/a>\n\t\t\t\t\t<\/div>\n\t\t\n\t\t\t<\/div>\n\t\t\t<div class=\"e-link-in-bio__bg\">\n\t\t\t\t<div class=\"e-link-in-bio__bg-overlay\"><\/div>\n\t\t\t<\/div>\n\t\t<\/div>\n\t\t\t\t\t\t<\/div>\n\t\t\t\t<\/div>\n\t\t\t\t<\/div>\n\t\t\t\t\t<\/div>\n\t\t\t\t<\/div>\n\t\t<div class=\"elementor-element elementor-element-f6a00d7 e-con-full e-flex e-con e-parent\" data-id=\"f6a00d7\" data-element_type=\"container\" data-e-type=\"container\">\n\t\t\t\t<div class=\"elementor-element elementor-element-20a0a3c elementor-widget elementor-widget-n-carousel\" data-id=\"20a0a3c\" data-element_type=\"widget\" data-e-type=\"widget\" data-settings=\"{&quot;carousel_items&quot;:[{&quot;slide_title&quot;:&quot;Slide #3&quot;,&quot;_id&quot;:&quot;5b4ffb9&quot;},{&quot;slide_title&quot;:&quot;Slide #3&quot;,&quot;_id&quot;:&quot;09c0f56&quot;},{&quot;slide_title&quot;:&quot;Slide #1&quot;,&quot;_id&quot;:&quot;058dfd7&quot;},{&quot;slide_title&quot;:&quot;Slide #2&quot;,&quot;_id&quot;:&quot;6dff8ae&quot;},{&quot;slide_title&quot;:&quot;Slide #3&quot;,&quot;_id&quot;:&quot;a866f98&quot;},{&quot;slide_title&quot;:&quot;Slide #3&quot;,&quot;_id&quot;:&quot;d1644fb&quot;},{&quot;slide_title&quot;:&quot;Slide #3&quot;,&quot;_id&quot;:&quot;f92ac54&quot;}],&quot;slides_to_show&quot;:&quot;7&quot;,&quot;slides_to_show_tablet&quot;:&quot;2&quot;,&quot;slides_to_show_mobile&quot;:&quot;1&quot;,&quot;autoplay&quot;:&quot;yes&quot;,&quot;autoplay_speed&quot;:5000,&quot;infinite&quot;:&quot;yes&quot;,&quot;speed&quot;:500,&quot;offset_sides&quot;:&quot;none&quot;,&quot;image_spacing_custom&quot;:{&quot;unit&quot;:&quot;px&quot;,&quot;size&quot;:10,&quot;sizes&quot;:[]},&quot;image_spacing_custom_tablet&quot;:{&quot;unit&quot;:&quot;px&quot;,&quot;size&quot;:&quot;&quot;,&quot;sizes&quot;:[]},&quot;image_spacing_custom_mobile&quot;:{&quot;unit&quot;:&quot;px&quot;,&quot;size&quot;:&quot;&quot;,&quot;sizes&quot;:[]}}\" data-widget_type=\"nested-carousel.default\">\n\t\t\t\t<div class=\"elementor-widget-container\">\n\t\t\t\t\t\t\t<div class=\"e-n-carousel swiper\" role=\"region\" aria-roledescription=\"carousel\" aria-label=\"Carousel\" dir=\"ltr\">\n\t\t\t<div class=\"swiper-wrapper\" aria-live=\"off\">\n\t\t\t\t\t\t\t\t\t\t<div class=\"swiper-slide\" data-slide=\"1\" role=\"group\" aria-roledescription=\"slide\" aria-label=\"1 of 7\">\n\t\t\t\t\t\t\t<div class=\"elementor-element elementor-element-6cfbe77 e-flex e-con-boxed e-con e-child\" data-id=\"6cfbe77\" data-element_type=\"container\" data-e-type=\"container\">\n\t\t\t\t\t<div class=\"e-con-inner\">\n\t\t\t\t<div class=\"elementor-element elementor-element-483dc40 elementor-widget elementor-widget-image\" data-id=\"483dc40\" data-element_type=\"widget\" data-e-type=\"widget\" data-widget_type=\"image.default\">\n\t\t\t\t<div class=\"elementor-widget-container\">\n\t\t\t\t\t\t\t\t\t\t\t\t\t\t\t<img fetchpriority=\"high\" decoding=\"async\" width=\"850\" height=\"638\" src=\"https:\/\/www.ferraz.de\/wp-content\/uploads\/2025\/05\/vw-up-autosferraz-grupoB.jpg\" class=\"attachment-large size-large wp-image-1983\" alt=\"Alquiler coches en La Palma\" srcset=\"https:\/\/www.ferraz.de\/wp-content\/uploads\/2025\/05\/vw-up-autosferraz-grupoB.jpg 900w, https:\/\/www.ferraz.de\/wp-content\/uploads\/2025\/05\/vw-up-autosferraz-grupoB-300x225.jpg 300w, https:\/\/www.ferraz.de\/wp-content\/uploads\/2025\/05\/vw-up-autosferraz-grupoB-400x300.jpg 400w, https:\/\/www.ferraz.de\/wp-content\/uploads\/2025\/05\/vw-up-autosferraz-grupoB-768x576.jpg 768w, https:\/\/www.ferraz.de\/wp-content\/uploads\/2025\/05\/vw-up-autosferraz-grupoB-600x450.jpg 600w\" sizes=\"(max-width: 850px) 100vw, 850px\" title=\"\">\t\t\t\t\t\t\t\t\t\t\t\t\t\t\t<\/div>\n\t\t\t\t<\/div>\n\t\t\t\t\t<\/div>\n\t\t\t\t<\/div>\n\t\t\t\t\t\t\t\t<\/div>\n\t\t\t\t\t\t\t\t\t\t\t<div class=\"swiper-slide\" data-slide=\"2\" role=\"group\" aria-roledescription=\"slide\" aria-label=\"2 of 7\">\n\t\t\t\t\t\t\t<div class=\"elementor-element elementor-element-45268ec e-flex e-con-boxed e-con e-child\" data-id=\"45268ec\" data-element_type=\"container\" data-e-type=\"container\">\n\t\t\t\t\t<div class=\"e-con-inner\">\n\t\t\t\t<div class=\"elementor-element elementor-element-963ad13 elementor-widget elementor-widget-image\" data-id=\"963ad13\" data-element_type=\"widget\" data-e-type=\"widget\" data-widget_type=\"image.default\">\n\t\t\t\t<div class=\"elementor-widget-container\">\n\t\t\t\t\t\t\t\t\t\t\t\t\t\t\t<img decoding=\"async\" width=\"850\" height=\"638\" src=\"https:\/\/www.ferraz.de\/wp-content\/uploads\/2018\/01\/vw-polo-autosferraz-grupoD.jpg\" class=\"attachment-large size-large wp-image-53\" alt=\"Alquiler coches en La Palma\" srcset=\"https:\/\/www.ferraz.de\/wp-content\/uploads\/2018\/01\/vw-polo-autosferraz-grupoD.jpg 900w, https:\/\/www.ferraz.de\/wp-content\/uploads\/2018\/01\/vw-polo-autosferraz-grupoD-300x225.jpg 300w, https:\/\/www.ferraz.de\/wp-content\/uploads\/2018\/01\/vw-polo-autosferraz-grupoD-400x300.jpg 400w, https:\/\/www.ferraz.de\/wp-content\/uploads\/2018\/01\/vw-polo-autosferraz-grupoD-768x576.jpg 768w, https:\/\/www.ferraz.de\/wp-content\/uploads\/2018\/01\/vw-polo-autosferraz-grupoD-600x450.jpg 600w\" sizes=\"(max-width: 850px) 100vw, 850px\" title=\"\">\t\t\t\t\t\t\t\t\t\t\t\t\t\t\t<\/div>\n\t\t\t\t<\/div>\n\t\t\t\t\t<\/div>\n\t\t\t\t<\/div>\n\t\t\t\t\t\t\t\t<\/div>\n\t\t\t\t\t\t\t\t\t\t\t<div class=\"swiper-slide\" data-slide=\"3\" role=\"group\" aria-roledescription=\"slide\" aria-label=\"3 of 7\">\n\t\t\t\t\t\t\t<div class=\"elementor-element elementor-element-7aae995 e-flex e-con-boxed e-con e-child\" data-id=\"7aae995\" data-element_type=\"container\" data-e-type=\"container\">\n\t\t\t\t\t<div class=\"e-con-inner\">\n\t\t<div class=\"elementor-element elementor-element-6559531 e-con-full e-flex e-con e-child\" data-id=\"6559531\" data-element_type=\"container\" data-e-type=\"container\">\n\t\t\t\t<div class=\"elementor-element elementor-element-a136857 elementor-widget elementor-widget-image\" data-id=\"a136857\" data-element_type=\"widget\" data-e-type=\"widget\" data-widget_type=\"image.default\">\n\t\t\t\t<div class=\"elementor-widget-container\">\n\t\t\t\t\t\t\t\t\t\t\t\t\t\t\t<img decoding=\"async\" width=\"850\" height=\"638\" src=\"https:\/\/www.ferraz.de\/wp-content\/uploads\/2025\/05\/rentacar-ferraz.jpg\" class=\"attachment-large size-large wp-image-1992\" alt=\"Alquiler coches en La Palma\" srcset=\"https:\/\/www.ferraz.de\/wp-content\/uploads\/2025\/05\/rentacar-ferraz.jpg 900w, https:\/\/www.ferraz.de\/wp-content\/uploads\/2025\/05\/rentacar-ferraz-300x225.jpg 300w, https:\/\/www.ferraz.de\/wp-content\/uploads\/2025\/05\/rentacar-ferraz-400x300.jpg 400w, https:\/\/www.ferraz.de\/wp-content\/uploads\/2025\/05\/rentacar-ferraz-768x576.jpg 768w, https:\/\/www.ferraz.de\/wp-content\/uploads\/2025\/05\/rentacar-ferraz-600x450.jpg 600w\" sizes=\"(max-width: 850px) 100vw, 850px\" title=\"\">\t\t\t\t\t\t\t\t\t\t\t\t\t\t\t<\/div>\n\t\t\t\t<\/div>\n\t\t\t\t<\/div>\n\t\t\t\t\t<\/div>\n\t\t\t\t<\/div>\n\t\t\t\t\t\t\t\t<\/div>\n\t\t\t\t\t\t\t\t\t\t\t<div class=\"swiper-slide\" data-slide=\"4\" role=\"group\" aria-roledescription=\"slide\" aria-label=\"4 of 7\">\n\t\t\t\t\t\t\t<div class=\"elementor-element elementor-element-6468d54 e-flex e-con-boxed e-con e-child\" data-id=\"6468d54\" data-element_type=\"container\" data-e-type=\"container\">\n\t\t\t\t\t<div class=\"e-con-inner\">\n\t\t\t\t<div class=\"elementor-element elementor-element-525b6b2 elementor-widget elementor-widget-image\" data-id=\"525b6b2\" data-element_type=\"widget\" data-e-type=\"widget\" data-widget_type=\"image.default\">\n\t\t\t\t<div class=\"elementor-widget-container\">\n\t\t\t\t\t\t\t\t\t\t\t\t\t\t\t<img loading=\"lazy\" decoding=\"async\" width=\"900\" height=\"675\" src=\"https:\/\/www.ferraz.de\/wp-content\/uploads\/2018\/01\/bayon.jpg\" class=\"attachment-full size-full wp-image-1975\" alt=\"Alquiler coches en La Palma\" srcset=\"https:\/\/www.ferraz.de\/wp-content\/uploads\/2018\/01\/bayon.jpg 900w, https:\/\/www.ferraz.de\/wp-content\/uploads\/2018\/01\/bayon-300x225.jpg 300w, https:\/\/www.ferraz.de\/wp-content\/uploads\/2018\/01\/bayon-400x300.jpg 400w, https:\/\/www.ferraz.de\/wp-content\/uploads\/2018\/01\/bayon-768x576.jpg 768w, https:\/\/www.ferraz.de\/wp-content\/uploads\/2018\/01\/bayon-600x450.jpg 600w\" sizes=\"(max-width: 900px) 100vw, 900px\" title=\"\">\t\t\t\t\t\t\t\t\t\t\t\t\t\t\t<\/div>\n\t\t\t\t<\/div>\n\t\t\t\t\t<\/div>\n\t\t\t\t<\/div>\n\t\t\t\t\t\t\t\t<\/div>\n\t\t\t\t\t\t\t\t\t\t\t<div class=\"swiper-slide\" data-slide=\"5\" role=\"group\" aria-roledescription=\"slide\" aria-label=\"5 of 7\">\n\t\t\t\t\t\t\t<div class=\"elementor-element elementor-element-1772284 e-flex e-con-boxed e-con e-child\" data-id=\"1772284\" data-element_type=\"container\" data-e-type=\"container\">\n\t\t\t\t\t<div class=\"e-con-inner\">\n\t\t\t\t<div class=\"elementor-element elementor-element-c16b4f0 elementor-widget elementor-widget-image\" data-id=\"c16b4f0\" data-element_type=\"widget\" data-e-type=\"widget\" data-widget_type=\"image.default\">\n\t\t\t\t<div class=\"elementor-widget-container\">\n\t\t\t\t\t\t\t\t\t\t\t\t\t\t\t<img loading=\"lazy\" decoding=\"async\" width=\"850\" height=\"638\" src=\"https:\/\/www.ferraz.de\/wp-content\/uploads\/2018\/01\/i10.jpg\" class=\"attachment-large size-large wp-image-1969\" alt=\"Alquiler coches en La Palma\" srcset=\"https:\/\/www.ferraz.de\/wp-content\/uploads\/2018\/01\/i10.jpg 900w, https:\/\/www.ferraz.de\/wp-content\/uploads\/2018\/01\/i10-300x225.jpg 300w, https:\/\/www.ferraz.de\/wp-content\/uploads\/2018\/01\/i10-400x300.jpg 400w, https:\/\/www.ferraz.de\/wp-content\/uploads\/2018\/01\/i10-768x576.jpg 768w, https:\/\/www.ferraz.de\/wp-content\/uploads\/2018\/01\/i10-600x450.jpg 600w\" sizes=\"(max-width: 850px) 100vw, 850px\" title=\"\">\t\t\t\t\t\t\t\t\t\t\t\t\t\t\t<\/div>\n\t\t\t\t<\/div>\n\t\t\t\t\t<\/div>\n\t\t\t\t<\/div>\n\t\t\t\t\t\t\t\t<\/div>\n\t\t\t\t\t\t\t\t\t\t\t<div class=\"swiper-slide\" data-slide=\"6\" role=\"group\" aria-roledescription=\"slide\" aria-label=\"6 of 7\">\n\t\t\t\t\t\t\t<div class=\"elementor-element elementor-element-2cd81bf e-flex e-con-boxed e-con e-child\" data-id=\"2cd81bf\" data-element_type=\"container\" data-e-type=\"container\">\n\t\t\t\t\t<div class=\"e-con-inner\">\n\t\t\t\t<div class=\"elementor-element elementor-element-0a0bd3c elementor-widget elementor-widget-image\" data-id=\"0a0bd3c\" data-element_type=\"widget\" data-e-type=\"widget\" data-widget_type=\"image.default\">\n\t\t\t\t<div class=\"elementor-widget-container\">\n\t\t\t\t\t\t\t\t\t\t\t\t\t\t\t<img loading=\"lazy\" decoding=\"async\" width=\"850\" height=\"638\" src=\"https:\/\/www.ferraz.de\/wp-content\/uploads\/2018\/01\/Grupo-H-autosferraz-lapalma.jpg\" class=\"attachment-large size-large wp-image-119\" alt=\"Alquiler coches en La Palma\" srcset=\"https:\/\/www.ferraz.de\/wp-content\/uploads\/2018\/01\/Grupo-H-autosferraz-lapalma.jpg 900w, https:\/\/www.ferraz.de\/wp-content\/uploads\/2018\/01\/Grupo-H-autosferraz-lapalma-300x225.jpg 300w, https:\/\/www.ferraz.de\/wp-content\/uploads\/2018\/01\/Grupo-H-autosferraz-lapalma-400x300.jpg 400w, https:\/\/www.ferraz.de\/wp-content\/uploads\/2018\/01\/Grupo-H-autosferraz-lapalma-768x576.jpg 768w, https:\/\/www.ferraz.de\/wp-content\/uploads\/2018\/01\/Grupo-H-autosferraz-lapalma-600x450.jpg 600w\" sizes=\"(max-width: 850px) 100vw, 850px\" title=\"\">\t\t\t\t\t\t\t\t\t\t\t\t\t\t\t<\/div>\n\t\t\t\t<\/div>\n\t\t\t\t\t<\/div>\n\t\t\t\t<\/div>\n\t\t\t\t\t\t\t\t<\/div>\n\t\t\t\t\t\t\t\t\t\t\t<div class=\"swiper-slide\" data-slide=\"7\" role=\"group\" aria-roledescription=\"slide\" aria-label=\"7 of 7\">\n\t\t\t\t\t\t\t<div class=\"elementor-element elementor-element-b0bc132 e-flex e-con-boxed e-con e-child\" data-id=\"b0bc132\" data-element_type=\"container\" data-e-type=\"container\">\n\t\t\t\t\t<div class=\"e-con-inner\">\n\t\t\t\t<div class=\"elementor-element elementor-element-0563c37 elementor-widget elementor-widget-image\" data-id=\"0563c37\" data-element_type=\"widget\" data-e-type=\"widget\" data-widget_type=\"image.default\">\n\t\t\t\t<div class=\"elementor-widget-container\">\n\t\t\t\t\t\t\t\t\t\t\t\t\t\t\t<img loading=\"lazy\" decoding=\"async\" width=\"850\" height=\"638\" src=\"https:\/\/www.ferraz.de\/wp-content\/uploads\/2018\/01\/Grupo-I-autosferraz-lapalma.jpg\" class=\"attachment-large size-large wp-image-120\" alt=\"Alquiler coches en La Palma\" srcset=\"https:\/\/www.ferraz.de\/wp-content\/uploads\/2018\/01\/Grupo-I-autosferraz-lapalma.jpg 900w, https:\/\/www.ferraz.de\/wp-content\/uploads\/2018\/01\/Grupo-I-autosferraz-lapalma-300x225.jpg 300w, https:\/\/www.ferraz.de\/wp-content\/uploads\/2018\/01\/Grupo-I-autosferraz-lapalma-400x300.jpg 400w, https:\/\/www.ferraz.de\/wp-content\/uploads\/2018\/01\/Grupo-I-autosferraz-lapalma-768x576.jpg 768w, https:\/\/www.ferraz.de\/wp-content\/uploads\/2018\/01\/Grupo-I-autosferraz-lapalma-600x450.jpg 600w\" sizes=\"(max-width: 850px) 100vw, 850px\" title=\"\">\t\t\t\t\t\t\t\t\t\t\t\t\t\t\t<\/div>\n\t\t\t\t<\/div>\n\t\t\t\t\t<\/div>\n\t\t\t\t<\/div>\n\t\t\t\t\t\t\t\t<\/div>\n\t\t\t\t\t\t\t\t<\/div>\n\t\t<\/div>\n\t\t\t\t\t\t<\/div>\n\t\t\t\t<\/div>\n\t\t\t\t<\/div>\n\t\t\t\t<\/div>\n\t\t","protected":false},"excerpt":{"rendered":"<p>Autos Ferraz, Ihre Autovermietung in La Palma Autos Ferraz ist ein kanarisches Unternehmen mit mehr als 50 Jahren Erfahrung in der Autovermietung auf La Palma, Kanarische Inseln. Wir verf\u00fcgen \u00fcber einen vielf\u00e4ltigen Fuhrpark, der von Kleinwagen bis hin zu Automatik- und Familienmodellen reicht, um den Bed\u00fcrfnissen jedes Kunden gerecht zu werden. Unser Hauptb\u00fcro befindet sich [&hellip;]<\/p>\n","protected":false},"author":1,"featured_media":0,"parent":0,"menu_order":0,"comment_status":"closed","ping_status":"closed","template":"","meta":{"footnotes":""},"class_list":["post-2327","page","type-page","status-publish","hentry"],"_links":{"self":[{"href":"https:\/\/www.ferraz.de\/de\/wp-json\/wp\/v2\/pages\/2327","targetHints":{"allow":["GET"]}}],"collection":[{"href":"https:\/\/www.ferraz.de\/de\/wp-json\/wp\/v2\/pages"}],"about":[{"href":"https:\/\/www.ferraz.de\/de\/wp-json\/wp\/v2\/types\/page"}],"author":[{"embeddable":true,"href":"https:\/\/www.ferraz.de\/de\/wp-json\/wp\/v2\/users\/1"}],"replies":[{"embeddable":true,"href":"https:\/\/www.ferraz.de\/de\/wp-json\/wp\/v2\/comments?post=2327"}],"version-history":[{"count":21,"href":"https:\/\/www.ferraz.de\/de\/wp-json\/wp\/v2\/pages\/2327\/revisions"}],"predecessor-version":[{"id":3162,"href":"https:\/\/www.ferraz.de\/de\/wp-json\/wp\/v2\/pages\/2327\/revisions\/3162"}],"wp:attachment":[{"href":"https:\/\/www.ferraz.de\/de\/wp-json\/wp\/v2\/media?parent=2327"}],"curies":[{"name":"wp","href":"https:\/\/api.w.org\/{rel}","templated":true}]}}