{"id":2277,"date":"2025-05-02T13:53:09","date_gmt":"2025-05-02T11:53:09","guid":{"rendered":"https:\/\/www.ferraz.de\/condiciones\/"},"modified":"2025-06-26T10:01:26","modified_gmt":"2025-06-26T08:01:26","slug":"konditionen","status":"publish","type":"page","link":"https:\/\/www.ferraz.de\/de\/konditionen\/","title":{"rendered":"Bedingungen und Konditionen"},"content":{"rendered":"\t\t<div data-elementor-type=\"wp-page\" data-elementor-id=\"2277\" class=\"elementor elementor-2277\" data-elementor-post-type=\"page\">\n\t\t\t\t<div class=\"elementor-element elementor-element-751608bf e-flex e-con-boxed e-con e-parent\" data-id=\"751608bf\" data-element_type=\"container\" data-e-type=\"container\">\n\t\t\t\t\t<div class=\"e-con-inner\">\n\t\t\t\t<div class=\"elementor-element elementor-element-158dec72 elementor-widget elementor-widget-text-editor\" data-id=\"158dec72\" data-element_type=\"widget\" data-e-type=\"widget\" data-widget_type=\"text-editor.default\">\n\t\t\t\t<div class=\"elementor-widget-container\">\n\t\t\t\t\t\t\t\t\t<h2>FAHRZEUGNUTZUNG<\/h2><p>Der Mieter erh\u00e4lt das im Vertrag beschriebene Fahrzeug sowie das Zubeh\u00f6r in einwandfreiem Betriebszustand und verpflichtet sich, diese zu erhalten und die Vorschriften der Stra\u00dfenverkehrsordnung einzuhalten. Es ist ausdr\u00fccklich untersagt: Personen oder G\u00fcter zu bef\u00f6rdern, wenn dies direkt oder indirekt eine Untervermietung des Fahrzeugs bedeutet. Das Fahrzeug von nicht autorisierten Personen f\u00fchren zu lassen. Das Fahrzeug unter dem Einfluss von Alkohol, Drogen oder anderen bewusstseinsver\u00e4ndernden Substanzen zu fahren. Das Fahrzeug auf Waldwegen, Str\u00e4nden oder nicht asphaltierten Stra\u00dfen zu fahren (au\u00dfer bei 4\u00d74-Fahrzeugen). Mehr Personen zu bef\u00f6rdern, als im Fahrzeugschein zugelassen sind. Das Fahrzeug bei sportlichen Wettk\u00e4mpfen jeglicher Art, zum Abschleppen oder Schieben anderer Fahrzeuge oder zum Fahrunterricht zu verwenden.<\/p><h2>R\u00dcCKGABE DES FAHRZEUGS<\/h2><p>Das Fahrzeug ist am vereinbarten Ort, Datum und zur vereinbarten Uhrzeit zur\u00fcckzugeben. Bei Versp\u00e4tung sind die ersten zwei zus\u00e4tzlichen Stunden kostenlos. Ab der dritten Stunde gilt der volle Tagesmietpreis.<\/p><h2>ABRECHNUNG DES MIETVERH\u00c4LTNISSES<\/h2><p>Der Mieter verpflichtet sich, neben den im Vertrag aufgef\u00fchrten Geb\u00fchren auch die folgenden Kosten zu \u00fcbernehmen: Verlust oder Diebstahl von Schl\u00fcsseln, Zubeh\u00f6r, Werkzeugen, Ersatzreifen, Batterie oder Fahrzeugpapieren. Bu\u00dfgelder wegen Verst\u00f6\u00dfen gegen die Stra\u00dfenverkehrsordnung sowie Abschleppkosten bei Falschparken. Sch\u00e4den am Unterboden des Fahrzeugs, Reifenpannen oder Sch\u00e4den an den Reifen sowie Brandl\u00f6cher oder Flecken auf der Polsterung. Falsches Betanken des Fahrzeugs.<\/p><h2>VERSICHERUNGSDECKUNG<\/h2><p>Die vom Vermieter abgeschlossene Versicherung deckt den Mieter und die im Vertrag autorisierten Fahrer hinsichtlich der Haftpflicht (Sch\u00e4den gegen\u00fcber Dritten) bis zu einem Betrag von 50 Millionen Euro, unbegrenzte medizinische Versorgung in anerkannten Gesundheitszentren (C.C.S.) und bis zu 1.800 \u20ac in Einrichtungen eigener Wahl. Ebenfalls gedeckt sind Kautionen und juristische Verteidigungskosten, die dem Fahrer auferlegt werden k\u00f6nnten. Die Haftung des Mieters f\u00fcr Sch\u00e4den am Mietfahrzeug ist auf die vertraglich vereinbarte Selbstbeteiligung beschr\u00e4nkt, gem\u00e4\u00df der zum Zeitpunkt g\u00fcltigen Preisliste. Gegen Zahlung einer zus\u00e4tzlichen Geb\u00fchr kann die Selbstbeteiligung bei Personenkraftwagen aufgehoben werden. Ausdr\u00fccklich ausgeschlossen von der Deckung sind Verlust, Diebstahl oder Besch\u00e4digung der im Fahrzeug transportierten G\u00fcter.<\/p><h2>UNF\u00c4LLE<\/h2><p>Im Falle eines Unfalls ist der Mieter verpflichtet: Das Fahrzeug nicht vom Unfallort zu bewegen, bis die zust\u00e4ndige Beh\u00f6rde erscheint und einen Unfallbericht erstellt. Den Vermieter unverz\u00fcglich \u00fcber den Vorfall zu informieren. Mit der Gegenpartei keine Vereinbarung \u00fcber den Unfall zu treffen. Das besch\u00e4digte Fahrzeug nicht zu verlassen, ohne vorher Ma\u00dfnahmen zum Schutz vor weiteren Sch\u00e4den oder Verlusten getroffen zu haben. Von der Gegenpartei alle relevanten Informationen \u00fcber Fahrer, Eigent\u00fcmer, Fahrzeug und Versicherungsgesellschaft einzuholen.<\/p><h2>ERFORDERLICHE UNTERLAGEN<\/h2><p>Bei \u00dcbergabe des Fahrzeugs ist die Vorlage eines g\u00fcltigen Personalausweises oder Reisepasses sowie eines g\u00fcltigen F\u00fchrerscheins erforderlich.<\/p><h2>FAHRL\u00c4SSIGES FAHREN<\/h2><p>Der Mieter, der ein Fahrzeug des Unternehmens unter dem Einfluss von Drogen, Alkohol oder auf andere Weise mit beeintr\u00e4chtigtem Urteilsverm\u00f6gen f\u00fchrt, \u00fcbernimmt die volle Verantwortung f\u00fcr alle dadurch am Fahrzeug verursachten Sch\u00e4den sowie f\u00fcr Sch\u00e4den an anderen Fahrzeugen, Personen, Gegenst\u00e4nden, Tieren oder Dritten im Allgemeinen. Der Fahrer unter den vorgenannten Bedingungen haftet ebenfalls f\u00fcr mitgef\u00fchrte Personen oder Gegenst\u00e4nde sowie f\u00fcr alle daraus resultierenden Sanktionen. Der Mieter hat in einem solchen Fall keinen Anspruch auf ein Ersatzfahrzeug und auch nicht auf R\u00fcckerstattung des Mietpreises.<\/p><h2>GERICHTSSTAND<\/h2><p>F\u00fcr alle Streitigkeiten, die sich aus der Erf\u00fcllung oder Auslegung des Vertrags ergeben, unterwerfen sich die Vertragsparteien ausdr\u00fccklich der Gerichtsbarkeit der Gerichte und Tribunale der Provinz Santa Cruz de Tenerife und verzichten auf jeden anderen etwaigen Gerichtsstand.<\/p><h2>GEBIETLICHER GELTUNGSBEREICH<\/h2><p>Es ist dem Mieter ausdr\u00fccklich untersagt, das Mietfahrzeug ohne ausdr\u00fcckliche Genehmigung des Vermieters von der Insel zu entfernen, auf der der Vertrag abgeschlossen wurde. Bei Zuwiderhandlung wird der Vertrag automatisch gek\u00fcndigt, und der Vermieter kann alle rechtlich zul\u00e4ssigen Ma\u00dfnahmen vor Gericht einleiten.<\/p><h2>DATENSCHUTZBESTIMMUNGEN<\/h2><p>Personenbezogene Daten werden gem\u00e4\u00df dem spanischen Datenschutzgesetz (Ley Org\u00e1nica 15\/1999 vom 13. Dezember) und den entsprechenden Durchf\u00fchrungsbestimmungen verarbeitet. Der Kunde kann jederzeit Zugang zu seinen Daten verlangen, sie berichtigen oder l\u00f6schen, indem er dies per E-Mail oder schriftlich gegen\u00fcber dem Unternehmen beantragt.<\/p>\t\t\t\t\t\t\t\t<\/div>\n\t\t\t\t<\/div>\n\t\t\t\t\t<\/div>\n\t\t\t\t<\/div>\n\t\t\t\t<\/div>\n\t\t","protected":false},"excerpt":{"rendered":"<p>FAHRZEUGNUTZUNG Der Mieter erh\u00e4lt das im Vertrag beschriebene Fahrzeug sowie das Zubeh\u00f6r in einwandfreiem Betriebszustand und verpflichtet sich, diese zu erhalten und die Vorschriften der Stra\u00dfenverkehrsordnung einzuhalten. Es ist ausdr\u00fccklich untersagt: Personen oder G\u00fcter zu bef\u00f6rdern, wenn dies direkt oder indirekt eine Untervermietung des Fahrzeugs bedeutet. Das Fahrzeug von nicht autorisierten Personen f\u00fchren zu lassen. [&hellip;]<\/p>\n","protected":false},"author":1,"featured_media":0,"parent":0,"menu_order":0,"comment_status":"closed","ping_status":"closed","template":"","meta":{"footnotes":""},"class_list":["post-2277","page","type-page","status-publish","hentry"],"_links":{"self":[{"href":"https:\/\/www.ferraz.de\/de\/wp-json\/wp\/v2\/pages\/2277","targetHints":{"allow":["GET"]}}],"collection":[{"href":"https:\/\/www.ferraz.de\/de\/wp-json\/wp\/v2\/pages"}],"about":[{"href":"https:\/\/www.ferraz.de\/de\/wp-json\/wp\/v2\/types\/page"}],"author":[{"embeddable":true,"href":"https:\/\/www.ferraz.de\/de\/wp-json\/wp\/v2\/users\/1"}],"replies":[{"embeddable":true,"href":"https:\/\/www.ferraz.de\/de\/wp-json\/wp\/v2\/comments?post=2277"}],"version-history":[{"count":8,"href":"https:\/\/www.ferraz.de\/de\/wp-json\/wp\/v2\/pages\/2277\/revisions"}],"predecessor-version":[{"id":2566,"href":"https:\/\/www.ferraz.de\/de\/wp-json\/wp\/v2\/pages\/2277\/revisions\/2566"}],"wp:attachment":[{"href":"https:\/\/www.ferraz.de\/de\/wp-json\/wp\/v2\/media?parent=2277"}],"curies":[{"name":"wp","href":"https:\/\/api.w.org\/{rel}","templated":true}]}}